{"id":7255,"date":"2021-12-06T15:15:37","date_gmt":"2022-01-11T18:24:23","guid":{"rendered":"https:\/\/www.erimos.co\/?post_type=product&#038;p=7255"},"modified":"2023-08-24T19:22:38","modified_gmt":"2023-08-24T16:22:38","slug":"tessa","status":"publish","type":"product","link":"https:\/\/www.erimos.co\/en\/urun\/tessa\/","title":{"rendered":"Tessa"},"content":{"rendered":"<h5 style=\"text-align: center;\">Beden Tablosu<\/h5>\n<p><a href=\"https:\/\/www.erimos.co\/wp-content\/uploads\/2021\/07\/Screen-Shot-2021-05-21-at-16.31.23.png\"><img decoding=\"async\" class=\"wp-image-6337 size-medium aligncenter\" src=\"https:\/\/www.erimos.co\/wp-content\/uploads\/2021\/07\/Screen-Shot-2021-05-21-at-16.31.23-300x120.png\" alt=\"\" width=\"300\" height=\"120\" \/><\/a><\/p>\n","protected":false},"excerpt":{"rendered":"<h1><strong>TESSA <\/strong><\/h1>\n<p><span style=\"color: #a94e37;\"><strong>\u00dcr\u00fcn Detay\u0131<\/strong><\/span><\/p>\n<p id=\"tw-target-text\" class=\"tw-data-text tw-text-large tw-ta\" dir=\"ltr\" data-placeholder=\"\u00c7eviri\"><span class=\"Y2IQFc\" lang=\"en\" style=\"color: #000000;\">Straplez elbisedir. \u2022 Enine pilise detayl\u0131 zay\u0131f g\u00f6steren bir modeldir. \u2022 K\u0131rm\u0131z\u0131 kadife payetli kuma\u015f. \u2022 Astarl\u0131d\u0131r. \u2022 Midi elbisedir. \u2022 Bele oturan kesimdir.<\/span><\/p>\n<p><span style=\"color: #a94e37;\"><strong>\u00d6l\u00e7\u00fc Detayland\u0131r\u0131lmas\u0131 &amp; Kuma\u015f \u0130\u00e7eri\u011fi<\/strong><\/span><\/p>\n<p><span class=\"Y2IQFc\" lang=\"en\" style=\"color: #000000;\">Kendi bedeninizi alman\u0131z \u00f6nerilir. Modelin \u00d6l\u00e7\u00fcleri: Boy: 1.79 cm, G\u00f6\u011f\u00fcs: 81, Bel: 60, Kal\u00e7a: 88. Model S(36) bedendir.<\/span><\/p>\n<p id=\"tw-target-text\" class=\"tw-data-text tw-text-large tw-ta\" dir=\"ltr\" data-placeholder=\"\u00c7eviri\"><span class=\"Y2IQFc\" lang=\"en\" style=\"color: #000000;\">Kadife kuma\u015f. Bu \u00fcr\u00fcn kuru temizleme yap\u0131lmal\u0131d\u0131r.<\/span><\/p>\n","protected":false},"featured_media":8470,"template":"","meta":[],"product_cat":[107,130],"product_tag":[],"class_list":{"0":"post-7255","1":"product","2":"type-product","3":"status-publish","4":"has-post-thumbnail","6":"product_cat-dress","7":"product_cat-le-magnique-fw21","9":"first","10":"instock","11":"purchasable","12":"product-type-variable","13":"layout-style-2","14":"col-md-4 col-sm-4 col-xs-6","15":"col-lg-4","16":"product-has-gallery","17":"product-style-addtocart"},"yoast_head":"<!-- This site is optimized with the Yoast SEO plugin v23.1 - https:\/\/yoast.com\/wordpress\/plugins\/seo\/ -->\n<title>Tessa - Erimos<\/title>\n<meta name=\"description\" content=\"Erimos takes consistent steps in Turkish and global fashion world and with romantic and daily design, Based In Istanbul, Shop Online!\" \/>\n<meta name=\"robots\" content=\"index, follow, max-snippet:-1, max-image-preview:large, max-video-preview:-1\" \/>\n<link rel=\"canonical\" href=\"https:\/\/www.erimos.co\/en\/urun\/tessa\/\" \/>\n<meta property=\"og:locale\" content=\"en_US\" \/>\n<meta property=\"og:type\" content=\"article\" \/>\n<meta property=\"og:title\" content=\"Tessa - Erimos\" \/>\n<meta property=\"og:description\" content=\"Erimos takes consistent steps in Turkish and global fashion world and with romantic and daily design, Based In Istanbul, Shop Online!\" \/>\n<meta property=\"og:url\" content=\"https:\/\/www.erimos.co\/en\/urun\/tessa\/\" \/>\n<meta property=\"og:site_name\" content=\"Erimos\" \/>\n<meta property=\"article:publisher\" content=\"https:\/\/www.facebook.com\/Erimos-438661333580385\" \/>\n<meta property=\"article:modified_time\" content=\"2023-08-24T16:22:38+00:00\" \/>\n<meta property=\"og:image\" content=\"https:\/\/www.erimos.co\/wp-content\/uploads\/2021\/12\/TESSA1.jpg\" \/>\n\t<meta property=\"og:image:width\" content=\"1000\" \/>\n\t<meta property=\"og:image:height\" content=\"1500\" \/>\n\t<meta property=\"og:image:type\" content=\"image\/jpeg\" \/>\n<meta name=\"twitter:card\" content=\"summary_large_image\" \/>\n<meta name=\"twitter:label1\" content=\"Est. reading time\" \/>\n\t<meta name=\"twitter:data1\" content=\"1 minute\" \/>\n<script type=\"application\/ld+json\" class=\"yoast-schema-graph\">{\"@context\":\"https:\/\/schema.org\",\"@graph\":[{\"@type\":\"WebPage\",\"@id\":\"https:\/\/www.erimos.co\/en\/urun\/tessa\/\",\"url\":\"https:\/\/www.erimos.co\/en\/urun\/tessa\/\",\"name\":\"Tessa - Erimos\",\"isPartOf\":{\"@id\":\"https:\/\/www.erimos.co\/en\/#website\"},\"primaryImageOfPage\":{\"@id\":\"https:\/\/www.erimos.co\/en\/urun\/tessa\/#primaryimage\"},\"image\":{\"@id\":\"https:\/\/www.erimos.co\/en\/urun\/tessa\/#primaryimage\"},\"thumbnailUrl\":\"https:\/\/www.erimos.co\/wp-content\/uploads\/2021\/12\/TESSA1.jpg\",\"datePublished\":\"2022-01-11T18:24:23+00:00\",\"dateModified\":\"2023-08-24T16:22:38+00:00\",\"description\":\"Erimos takes consistent steps in Turkish and global fashion world and with romantic and daily design, Based In Istanbul, Shop Online!\",\"breadcrumb\":{\"@id\":\"https:\/\/www.erimos.co\/en\/urun\/tessa\/#breadcrumb\"},\"inLanguage\":\"en-US\",\"potentialAction\":[{\"@type\":\"ReadAction\",\"target\":[\"https:\/\/www.erimos.co\/en\/urun\/tessa\/\"]}]},{\"@type\":\"ImageObject\",\"inLanguage\":\"en-US\",\"@id\":\"https:\/\/www.erimos.co\/en\/urun\/tessa\/#primaryimage\",\"url\":\"https:\/\/www.erimos.co\/wp-content\/uploads\/2021\/12\/TESSA1.jpg\",\"contentUrl\":\"https:\/\/www.erimos.co\/wp-content\/uploads\/2021\/12\/TESSA1.jpg\",\"width\":1000,\"height\":1500},{\"@type\":\"BreadcrumbList\",\"@id\":\"https:\/\/www.erimos.co\/en\/urun\/tessa\/#breadcrumb\",\"itemListElement\":[{\"@type\":\"ListItem\",\"position\":1,\"name\":\"Home\",\"item\":\"https:\/\/www.erimos.co\/en\/\"},{\"@type\":\"ListItem\",\"position\":2,\"name\":\"Shop\",\"item\":\"https:\/\/www.erimos.co\/en\/shop\/\"},{\"@type\":\"ListItem\",\"position\":3,\"name\":\"Tessa\"}]},{\"@type\":\"WebSite\",\"@id\":\"https:\/\/www.erimos.co\/en\/#website\",\"url\":\"https:\/\/www.erimos.co\/en\/\",\"name\":\"Erimos\",\"description\":\"Shopping\",\"publisher\":{\"@id\":\"https:\/\/www.erimos.co\/en\/#organization\"},\"potentialAction\":[{\"@type\":\"SearchAction\",\"target\":{\"@type\":\"EntryPoint\",\"urlTemplate\":\"https:\/\/www.erimos.co\/en\/?s={search_term_string}\"},\"query-input\":\"required name=search_term_string\"}],\"inLanguage\":\"en-US\"},{\"@type\":\"Organization\",\"@id\":\"https:\/\/www.erimos.co\/en\/#organization\",\"name\":\"Erimos\",\"url\":\"https:\/\/www.erimos.co\/en\/\",\"logo\":{\"@type\":\"ImageObject\",\"inLanguage\":\"en-US\",\"@id\":\"https:\/\/www.erimos.co\/en\/#\/schema\/logo\/image\/\",\"url\":\"https:\/\/www.erimos.co\/wp-content\/uploads\/2018\/07\/unnamed.jpg\",\"contentUrl\":\"https:\/\/www.erimos.co\/wp-content\/uploads\/2018\/07\/unnamed.jpg\",\"width\":1510,\"height\":425,\"caption\":\"Erimos\"},\"image\":{\"@id\":\"https:\/\/www.erimos.co\/en\/#\/schema\/logo\/image\/\"},\"sameAs\":[\"https:\/\/www.facebook.com\/Erimos-438661333580385\",\"https:\/\/www.instagram.com\/erimos\/\"]}]}<\/script>\n<!-- \/ Yoast SEO plugin. -->","yoast_head_json":{"title":"Tessa - Erimos","description":"Erimos takes consistent steps in Turkish and global fashion world and with romantic and daily design, Based In Istanbul, Shop Online!","robots":{"index":"index","follow":"follow","max-snippet":"max-snippet:-1","max-image-preview":"max-image-preview:large","max-video-preview":"max-video-preview:-1"},"canonical":"https:\/\/www.erimos.co\/en\/urun\/tessa\/","og_locale":"en_US","og_type":"article","og_title":"Tessa - Erimos","og_description":"Erimos takes consistent steps in Turkish and global fashion world and with romantic and daily design, Based In Istanbul, Shop Online!","og_url":"https:\/\/www.erimos.co\/en\/urun\/tessa\/","og_site_name":"Erimos","article_publisher":"https:\/\/www.facebook.com\/Erimos-438661333580385","article_modified_time":"2023-08-24T16:22:38+00:00","og_image":[{"width":1000,"height":1500,"url":"https:\/\/www.erimos.co\/wp-content\/uploads\/2021\/12\/TESSA1.jpg","type":"image\/jpeg"}],"twitter_card":"summary_large_image","twitter_misc":{"Est. reading time":"1 minute"},"schema":{"@context":"https:\/\/schema.org","@graph":[{"@type":"WebPage","@id":"https:\/\/www.erimos.co\/en\/urun\/tessa\/","url":"https:\/\/www.erimos.co\/en\/urun\/tessa\/","name":"Tessa - Erimos","isPartOf":{"@id":"https:\/\/www.erimos.co\/en\/#website"},"primaryImageOfPage":{"@id":"https:\/\/www.erimos.co\/en\/urun\/tessa\/#primaryimage"},"image":{"@id":"https:\/\/www.erimos.co\/en\/urun\/tessa\/#primaryimage"},"thumbnailUrl":"https:\/\/www.erimos.co\/wp-content\/uploads\/2021\/12\/TESSA1.jpg","datePublished":"2022-01-11T18:24:23+00:00","dateModified":"2023-08-24T16:22:38+00:00","description":"Erimos takes consistent steps in Turkish and global fashion world and with romantic and daily design, Based In Istanbul, Shop Online!","breadcrumb":{"@id":"https:\/\/www.erimos.co\/en\/urun\/tessa\/#breadcrumb"},"inLanguage":"en-US","potentialAction":[{"@type":"ReadAction","target":["https:\/\/www.erimos.co\/en\/urun\/tessa\/"]}]},{"@type":"ImageObject","inLanguage":"en-US","@id":"https:\/\/www.erimos.co\/en\/urun\/tessa\/#primaryimage","url":"https:\/\/www.erimos.co\/wp-content\/uploads\/2021\/12\/TESSA1.jpg","contentUrl":"https:\/\/www.erimos.co\/wp-content\/uploads\/2021\/12\/TESSA1.jpg","width":1000,"height":1500},{"@type":"BreadcrumbList","@id":"https:\/\/www.erimos.co\/en\/urun\/tessa\/#breadcrumb","itemListElement":[{"@type":"ListItem","position":1,"name":"Home","item":"https:\/\/www.erimos.co\/en\/"},{"@type":"ListItem","position":2,"name":"Shop","item":"https:\/\/www.erimos.co\/en\/shop\/"},{"@type":"ListItem","position":3,"name":"Tessa"}]},{"@type":"WebSite","@id":"https:\/\/www.erimos.co\/en\/#website","url":"https:\/\/www.erimos.co\/en\/","name":"Erimos","description":"Shopping","publisher":{"@id":"https:\/\/www.erimos.co\/en\/#organization"},"potentialAction":[{"@type":"SearchAction","target":{"@type":"EntryPoint","urlTemplate":"https:\/\/www.erimos.co\/en\/?s={search_term_string}"},"query-input":"required name=search_term_string"}],"inLanguage":"en-US"},{"@type":"Organization","@id":"https:\/\/www.erimos.co\/en\/#organization","name":"Erimos","url":"https:\/\/www.erimos.co\/en\/","logo":{"@type":"ImageObject","inLanguage":"en-US","@id":"https:\/\/www.erimos.co\/en\/#\/schema\/logo\/image\/","url":"https:\/\/www.erimos.co\/wp-content\/uploads\/2018\/07\/unnamed.jpg","contentUrl":"https:\/\/www.erimos.co\/wp-content\/uploads\/2018\/07\/unnamed.jpg","width":1510,"height":425,"caption":"Erimos"},"image":{"@id":"https:\/\/www.erimos.co\/en\/#\/schema\/logo\/image\/"},"sameAs":["https:\/\/www.facebook.com\/Erimos-438661333580385","https:\/\/www.instagram.com\/erimos\/"]}]}},"_links":{"self":[{"href":"https:\/\/www.erimos.co\/en\/wp-json\/wp\/v2\/product\/7255"}],"collection":[{"href":"https:\/\/www.erimos.co\/en\/wp-json\/wp\/v2\/product"}],"about":[{"href":"https:\/\/www.erimos.co\/en\/wp-json\/wp\/v2\/types\/product"}],"version-history":[{"count":2,"href":"https:\/\/www.erimos.co\/en\/wp-json\/wp\/v2\/product\/7255\/revisions"}],"predecessor-version":[{"id":11721,"href":"https:\/\/www.erimos.co\/en\/wp-json\/wp\/v2\/product\/7255\/revisions\/11721"}],"wp:featuredmedia":[{"embeddable":true,"href":"https:\/\/www.erimos.co\/en\/wp-json\/wp\/v2\/media\/8470"}],"wp:attachment":[{"href":"https:\/\/www.erimos.co\/en\/wp-json\/wp\/v2\/media?parent=7255"}],"wp:term":[{"taxonomy":"product_cat","embeddable":true,"href":"https:\/\/www.erimos.co\/en\/wp-json\/wp\/v2\/product_cat?post=7255"},{"taxonomy":"product_tag","embeddable":true,"href":"https:\/\/www.erimos.co\/en\/wp-json\/wp\/v2\/product_tag?post=7255"}],"curies":[{"name":"wp","href":"https:\/\/api.w.org\/{rel}","templated":true}]}}