{"id":5827,"date":"2020-06-22T13:14:25","date_gmt":"2022-01-11T18:23:45","guid":{"rendered":"https:\/\/www.erimos.co\/?post_type=product&#038;p=5827"},"modified":"2023-09-11T11:36:16","modified_gmt":"2023-09-11T08:36:16","slug":"iris","status":"publish","type":"product","link":"https:\/\/www.erimos.co\/en\/urun\/iris\/","title":{"rendered":"Iris"},"content":{"rendered":"","protected":false},"excerpt":{"rendered":"<p>IRIS<\/p>\n<p>F\u0131rf\u0131rl\u0131 omuz ask\u0131lar\u0131 ve midi sekilde gelen bir elbisedir. Kare yaka elbisedir.<\/p>\n<ul>\n<li>V\u00fccuda oturan bir elbisedir.<\/li>\n<li>Kompozisyon: %100 Vual kuma\u015f<\/li>\n<li>Kuru temizleme<\/li>\n<li>Etekleri f\u0131rf\u0131r detaylar\u0131 takip etmektedir.<\/li>\n<\/ul>\n","protected":false},"featured_media":5829,"template":"","meta":[],"product_cat":[107,120],"product_tag":[116],"class_list":{"0":"post-5827","1":"product","2":"type-product","3":"status-publish","4":"has-post-thumbnail","6":"product_cat-dress","7":"product_cat-terraflorass20","8":"product_tag-terraflora","10":"first","11":"outofstock","12":"purchasable","13":"product-type-variable","14":"layout-style-2","15":"col-md-4 col-sm-4 col-xs-6","16":"col-lg-4","17":"product-has-gallery","18":"product-style-addtocart"},"yoast_head":"<!-- This site is optimized with the Yoast SEO plugin v23.1 - https:\/\/yoast.com\/wordpress\/plugins\/seo\/ -->\n<title>Iris - Erimos<\/title>\n<meta name=\"description\" content=\"Erimos takes consistent steps in Turkish and global fashion world and with romantic and daily design, Based In Istanbul, Shop Online!\" \/>\n<meta name=\"robots\" content=\"index, follow, max-snippet:-1, max-image-preview:large, max-video-preview:-1\" \/>\n<link rel=\"canonical\" href=\"https:\/\/www.erimos.co\/en\/urun\/iris\/\" \/>\n<meta property=\"og:locale\" content=\"en_US\" \/>\n<meta property=\"og:type\" content=\"article\" \/>\n<meta property=\"og:title\" content=\"Iris - Erimos\" \/>\n<meta property=\"og:description\" content=\"Erimos takes consistent steps in Turkish and global fashion world and with romantic and daily design, Based In Istanbul, Shop Online!\" \/>\n<meta property=\"og:url\" content=\"https:\/\/www.erimos.co\/en\/urun\/iris\/\" \/>\n<meta property=\"og:site_name\" content=\"Erimos\" \/>\n<meta property=\"article:publisher\" content=\"https:\/\/www.facebook.com\/Erimos-438661333580385\" \/>\n<meta property=\"article:modified_time\" content=\"2023-09-11T08:36:16+00:00\" \/>\n<meta property=\"og:image\" content=\"https:\/\/www.erimos.co\/wp-content\/uploads\/2020\/06\/08.jpg\" \/>\n\t<meta property=\"og:image:width\" content=\"1200\" \/>\n\t<meta property=\"og:image:height\" content=\"1800\" \/>\n\t<meta property=\"og:image:type\" content=\"image\/jpeg\" \/>\n<meta name=\"twitter:card\" content=\"summary_large_image\" \/>\n<script type=\"application\/ld+json\" class=\"yoast-schema-graph\">{\"@context\":\"https:\/\/schema.org\",\"@graph\":[{\"@type\":\"WebPage\",\"@id\":\"https:\/\/www.erimos.co\/en\/urun\/iris\/\",\"url\":\"https:\/\/www.erimos.co\/en\/urun\/iris\/\",\"name\":\"Iris - Erimos\",\"isPartOf\":{\"@id\":\"https:\/\/www.erimos.co\/en\/#website\"},\"primaryImageOfPage\":{\"@id\":\"https:\/\/www.erimos.co\/en\/urun\/iris\/#primaryimage\"},\"image\":{\"@id\":\"https:\/\/www.erimos.co\/en\/urun\/iris\/#primaryimage\"},\"thumbnailUrl\":\"https:\/\/www.erimos.co\/wp-content\/uploads\/2020\/06\/08.jpg\",\"datePublished\":\"2022-01-11T18:23:45+00:00\",\"dateModified\":\"2023-09-11T08:36:16+00:00\",\"description\":\"Erimos takes consistent steps in Turkish and global fashion world and with romantic and daily design, Based In Istanbul, Shop Online!\",\"breadcrumb\":{\"@id\":\"https:\/\/www.erimos.co\/en\/urun\/iris\/#breadcrumb\"},\"inLanguage\":\"en-US\",\"potentialAction\":[{\"@type\":\"ReadAction\",\"target\":[\"https:\/\/www.erimos.co\/en\/urun\/iris\/\"]}]},{\"@type\":\"ImageObject\",\"inLanguage\":\"en-US\",\"@id\":\"https:\/\/www.erimos.co\/en\/urun\/iris\/#primaryimage\",\"url\":\"https:\/\/www.erimos.co\/wp-content\/uploads\/2020\/06\/08.jpg\",\"contentUrl\":\"https:\/\/www.erimos.co\/wp-content\/uploads\/2020\/06\/08.jpg\",\"width\":1200,\"height\":1800},{\"@type\":\"BreadcrumbList\",\"@id\":\"https:\/\/www.erimos.co\/en\/urun\/iris\/#breadcrumb\",\"itemListElement\":[{\"@type\":\"ListItem\",\"position\":1,\"name\":\"Home\",\"item\":\"https:\/\/www.erimos.co\/en\/\"},{\"@type\":\"ListItem\",\"position\":2,\"name\":\"Shop\",\"item\":\"https:\/\/www.erimos.co\/en\/shop\/\"},{\"@type\":\"ListItem\",\"position\":3,\"name\":\"Iris\"}]},{\"@type\":\"WebSite\",\"@id\":\"https:\/\/www.erimos.co\/en\/#website\",\"url\":\"https:\/\/www.erimos.co\/en\/\",\"name\":\"Erimos\",\"description\":\"Shopping\",\"publisher\":{\"@id\":\"https:\/\/www.erimos.co\/en\/#organization\"},\"potentialAction\":[{\"@type\":\"SearchAction\",\"target\":{\"@type\":\"EntryPoint\",\"urlTemplate\":\"https:\/\/www.erimos.co\/en\/?s={search_term_string}\"},\"query-input\":\"required name=search_term_string\"}],\"inLanguage\":\"en-US\"},{\"@type\":\"Organization\",\"@id\":\"https:\/\/www.erimos.co\/en\/#organization\",\"name\":\"Erimos\",\"url\":\"https:\/\/www.erimos.co\/en\/\",\"logo\":{\"@type\":\"ImageObject\",\"inLanguage\":\"en-US\",\"@id\":\"https:\/\/www.erimos.co\/en\/#\/schema\/logo\/image\/\",\"url\":\"https:\/\/www.erimos.co\/wp-content\/uploads\/2018\/07\/unnamed.jpg\",\"contentUrl\":\"https:\/\/www.erimos.co\/wp-content\/uploads\/2018\/07\/unnamed.jpg\",\"width\":1510,\"height\":425,\"caption\":\"Erimos\"},\"image\":{\"@id\":\"https:\/\/www.erimos.co\/en\/#\/schema\/logo\/image\/\"},\"sameAs\":[\"https:\/\/www.facebook.com\/Erimos-438661333580385\",\"https:\/\/www.instagram.com\/erimos\/\"]}]}<\/script>\n<!-- \/ Yoast SEO plugin. -->","yoast_head_json":{"title":"Iris - Erimos","description":"Erimos takes consistent steps in Turkish and global fashion world and with romantic and daily design, Based In Istanbul, Shop Online!","robots":{"index":"index","follow":"follow","max-snippet":"max-snippet:-1","max-image-preview":"max-image-preview:large","max-video-preview":"max-video-preview:-1"},"canonical":"https:\/\/www.erimos.co\/en\/urun\/iris\/","og_locale":"en_US","og_type":"article","og_title":"Iris - Erimos","og_description":"Erimos takes consistent steps in Turkish and global fashion world and with romantic and daily design, Based In Istanbul, Shop Online!","og_url":"https:\/\/www.erimos.co\/en\/urun\/iris\/","og_site_name":"Erimos","article_publisher":"https:\/\/www.facebook.com\/Erimos-438661333580385","article_modified_time":"2023-09-11T08:36:16+00:00","og_image":[{"width":1200,"height":1800,"url":"https:\/\/www.erimos.co\/wp-content\/uploads\/2020\/06\/08.jpg","type":"image\/jpeg"}],"twitter_card":"summary_large_image","schema":{"@context":"https:\/\/schema.org","@graph":[{"@type":"WebPage","@id":"https:\/\/www.erimos.co\/en\/urun\/iris\/","url":"https:\/\/www.erimos.co\/en\/urun\/iris\/","name":"Iris - Erimos","isPartOf":{"@id":"https:\/\/www.erimos.co\/en\/#website"},"primaryImageOfPage":{"@id":"https:\/\/www.erimos.co\/en\/urun\/iris\/#primaryimage"},"image":{"@id":"https:\/\/www.erimos.co\/en\/urun\/iris\/#primaryimage"},"thumbnailUrl":"https:\/\/www.erimos.co\/wp-content\/uploads\/2020\/06\/08.jpg","datePublished":"2022-01-11T18:23:45+00:00","dateModified":"2023-09-11T08:36:16+00:00","description":"Erimos takes consistent steps in Turkish and global fashion world and with romantic and daily design, Based In Istanbul, Shop Online!","breadcrumb":{"@id":"https:\/\/www.erimos.co\/en\/urun\/iris\/#breadcrumb"},"inLanguage":"en-US","potentialAction":[{"@type":"ReadAction","target":["https:\/\/www.erimos.co\/en\/urun\/iris\/"]}]},{"@type":"ImageObject","inLanguage":"en-US","@id":"https:\/\/www.erimos.co\/en\/urun\/iris\/#primaryimage","url":"https:\/\/www.erimos.co\/wp-content\/uploads\/2020\/06\/08.jpg","contentUrl":"https:\/\/www.erimos.co\/wp-content\/uploads\/2020\/06\/08.jpg","width":1200,"height":1800},{"@type":"BreadcrumbList","@id":"https:\/\/www.erimos.co\/en\/urun\/iris\/#breadcrumb","itemListElement":[{"@type":"ListItem","position":1,"name":"Home","item":"https:\/\/www.erimos.co\/en\/"},{"@type":"ListItem","position":2,"name":"Shop","item":"https:\/\/www.erimos.co\/en\/shop\/"},{"@type":"ListItem","position":3,"name":"Iris"}]},{"@type":"WebSite","@id":"https:\/\/www.erimos.co\/en\/#website","url":"https:\/\/www.erimos.co\/en\/","name":"Erimos","description":"Shopping","publisher":{"@id":"https:\/\/www.erimos.co\/en\/#organization"},"potentialAction":[{"@type":"SearchAction","target":{"@type":"EntryPoint","urlTemplate":"https:\/\/www.erimos.co\/en\/?s={search_term_string}"},"query-input":"required name=search_term_string"}],"inLanguage":"en-US"},{"@type":"Organization","@id":"https:\/\/www.erimos.co\/en\/#organization","name":"Erimos","url":"https:\/\/www.erimos.co\/en\/","logo":{"@type":"ImageObject","inLanguage":"en-US","@id":"https:\/\/www.erimos.co\/en\/#\/schema\/logo\/image\/","url":"https:\/\/www.erimos.co\/wp-content\/uploads\/2018\/07\/unnamed.jpg","contentUrl":"https:\/\/www.erimos.co\/wp-content\/uploads\/2018\/07\/unnamed.jpg","width":1510,"height":425,"caption":"Erimos"},"image":{"@id":"https:\/\/www.erimos.co\/en\/#\/schema\/logo\/image\/"},"sameAs":["https:\/\/www.facebook.com\/Erimos-438661333580385","https:\/\/www.instagram.com\/erimos\/"]}]}},"_links":{"self":[{"href":"https:\/\/www.erimos.co\/en\/wp-json\/wp\/v2\/product\/5827"}],"collection":[{"href":"https:\/\/www.erimos.co\/en\/wp-json\/wp\/v2\/product"}],"about":[{"href":"https:\/\/www.erimos.co\/en\/wp-json\/wp\/v2\/types\/product"}],"version-history":[{"count":2,"href":"https:\/\/www.erimos.co\/en\/wp-json\/wp\/v2\/product\/5827\/revisions"}],"predecessor-version":[{"id":11468,"href":"https:\/\/www.erimos.co\/en\/wp-json\/wp\/v2\/product\/5827\/revisions\/11468"}],"wp:featuredmedia":[{"embeddable":true,"href":"https:\/\/www.erimos.co\/en\/wp-json\/wp\/v2\/media\/5829"}],"wp:attachment":[{"href":"https:\/\/www.erimos.co\/en\/wp-json\/wp\/v2\/media?parent=5827"}],"wp:term":[{"taxonomy":"product_cat","embeddable":true,"href":"https:\/\/www.erimos.co\/en\/wp-json\/wp\/v2\/product_cat?post=5827"},{"taxonomy":"product_tag","embeddable":true,"href":"https:\/\/www.erimos.co\/en\/wp-json\/wp\/v2\/product_tag?post=5827"}],"curies":[{"name":"wp","href":"https:\/\/api.w.org\/{rel}","templated":true}]}}